{"id":857,"date":"2022-03-23T17:32:53","date_gmt":"2022-03-23T16:32:53","guid":{"rendered":"https:\/\/communications.showweb.site\/?page_id=857"},"modified":"2022-05-30T15:35:50","modified_gmt":"2022-05-30T13:35:50","slug":"management","status":"publish","type":"page","link":"https:\/\/communications.showweb.site\/en\/management\/","title":{"rendered":"Management"},"content":{"rendered":"\t\t<div data-elementor-type=\"wp-page\" data-elementor-id=\"857\" class=\"elementor elementor-857\">\n\t\t\t\t\t\t\t\t\t<section class=\"elementor-section elementor-top-section elementor-element elementor-element-be63e05 elementor-section-stretched elementor-section-boxed elementor-section-height-default elementor-section-height-default parallax_section_no qode_elementor_container_no\" data-id=\"be63e05\" data-element_type=\"section\" data-settings=\"{&quot;stretch_section&quot;:&quot;section-stretched&quot;,&quot;background_background&quot;:&quot;classic&quot;}\">\n\t\t\t\t\t\t<div class=\"elementor-container elementor-column-gap-default\">\n\t\t\t\t\t<div class=\"elementor-column elementor-col-100 elementor-top-column elementor-element elementor-element-9690380\" data-id=\"9690380\" data-element_type=\"column\">\n\t\t\t<div class=\"elementor-widget-wrap elementor-element-populated\">\n\t\t\t\t\t\t\t\t<div class=\"elementor-element elementor-element-f9dcb1e elementor-widget elementor-widget-text-editor\" data-id=\"f9dcb1e\" data-element_type=\"widget\" data-widget_type=\"text-editor.default\">\n\t\t\t\t<div class=\"elementor-widget-container\">\n\t\t\t<style>\/*! elementor - v3.6.0 - 21-03-2022 *\/\n.elementor-widget-text-editor.elementor-drop-cap-view-stacked .elementor-drop-cap{background-color:#818a91;color:#fff}.elementor-widget-text-editor.elementor-drop-cap-view-framed .elementor-drop-cap{color:#818a91;border:3px solid;background-color:transparent}.elementor-widget-text-editor:not(.elementor-drop-cap-view-default) .elementor-drop-cap{margin-top:8px}.elementor-widget-text-editor:not(.elementor-drop-cap-view-default) .elementor-drop-cap-letter{width:1em;height:1em}.elementor-widget-text-editor .elementor-drop-cap{float:left;text-align:center;line-height:1;font-size:50px}.elementor-widget-text-editor .elementor-drop-cap-letter{display:inline-block}<\/style>\t\t\t\t<h2 style=\"color: #ffffff;\">ZUR FORTF\u00dcHRUNG DER SEITENSTRUKTUR W\u00c4RE AN DIESER STELLE EIN ZITAT BEZOGEN AUF DIE ARBEITSWEISE DES TEAMS GUT.<\/h2>\t\t\t\t\t\t<\/div>\n\t\t\t\t<\/div>\n\t\t\t\t<div class=\"elementor-element elementor-element-b021349 elementor-widget elementor-widget-text-editor\" data-id=\"b021349\" data-element_type=\"widget\" data-widget_type=\"text-editor.default\">\n\t\t\t\t<div class=\"elementor-widget-container\">\n\t\t\t\t\t\t\t<h3 style=\"color: #201651;\">THOMAS VOIGT<\/h3>\t\t\t\t\t\t<\/div>\n\t\t\t\t<\/div>\n\t\t\t\t\t<\/div>\n\t\t<\/div>\n\t\t\t\t\t\t\t<\/div>\n\t\t<\/section>\n\t\t\t\t<section class=\"elementor-section elementor-top-section elementor-element elementor-element-1ebf96f elementor-section-boxed elementor-section-height-default elementor-section-height-default parallax_section_no qode_elementor_container_no\" data-id=\"1ebf96f\" data-element_type=\"section\">\n\t\t\t\t\t\t<div class=\"elementor-container elementor-column-gap-default\">\n\t\t\t\t\t<div class=\"elementor-column elementor-col-33 elementor-top-column elementor-element elementor-element-9e5e976\" data-id=\"9e5e976\" data-element_type=\"column\">\n\t\t\t<div class=\"elementor-widget-wrap elementor-element-populated\">\n\t\t\t\t\t\t\t\t<div class=\"elementor-element elementor-element-82c5a09 elementor-widget elementor-widget-bridge_team\" data-id=\"82c5a09\" data-element_type=\"widget\" data-widget_type=\"bridge_team.default\">\n\t\t\t\t<div class=\"elementor-widget-container\">\n\t\t\t<div class='q_team info_description_below_image qode_team_disabled_hover'><div class='q_team_inner'><div class='q_team_image'><div class='q_team_image_holder'><img itemprop='image' src='https:\/\/communications.showweb.site\/wp-content\/uploads\/2022\/03\/Till.jpg' alt='Till' \/><\/div><div class='q_team_text' ><div class='q_team_text_inner'><div class='q_team_title_holder'><h2 class='q_team_name' style = ''>Dipl. Psych. Till B\u00f6senberg<\/h2><span style = ''>Gesch\u00e4ftsf\u00fchrung <br>brandship & brandship communications<br>Psychologie\/Strategie<\/span><\/div><div class='separator small center' style = 'background-color: ;'><\/div><div class='q_team_description_below_image_wrapper'><div class='q_team_description'><div class='q_team_description_inner'><p>\u201eDurch die Ansprache der richtigen Needs und Traits zu mehr Marktanteilen.\u201c<br><br><br>\n\n\n<i class=\"fa fa-asterisk\"><\/i> brandship (GF\/ Partner 2001) <br>\n<i class=\"fa fa-asterisk\"><\/i> Vita: Scholz & Friends (GF), Saatchi & Saatchi, Springer & Jacobi, Lintas<br><br><\/p><\/div><\/div><\/div><\/div><\/div><div class='q_team_social_holder'><\/div><\/div><\/div><\/div>\t\t<\/div>\n\t\t\t\t<\/div>\n\t\t\t\t\t<\/div>\n\t\t<\/div>\n\t\t\t\t<div class=\"elementor-column elementor-col-33 elementor-top-column elementor-element elementor-element-04e0fb4\" data-id=\"04e0fb4\" data-element_type=\"column\">\n\t\t\t<div class=\"elementor-widget-wrap elementor-element-populated\">\n\t\t\t\t\t\t\t\t<div class=\"elementor-element elementor-element-7e7cc95 elementor-widget elementor-widget-bridge_team\" data-id=\"7e7cc95\" data-element_type=\"widget\" data-widget_type=\"bridge_team.default\">\n\t\t\t\t<div class=\"elementor-widget-container\">\n\t\t\t<div class='q_team info_description_below_image qode_team_disabled_hover'><div class='q_team_inner'><div class='q_team_image'><div class='q_team_image_holder'><img itemprop='image' src='https:\/\/communications.showweb.site\/wp-content\/uploads\/2022\/03\/Nils-3-scaled.jpg' alt='Nils 3' \/><\/div><div class='q_team_text' ><div class='q_team_text_inner'><div class='q_team_title_holder'><h2 class='q_team_name' style = ''>Nils Dieckmann<\/h2><span style = ''>Kreation\/Strategie<\/span><\/div><div class='separator small center' style = 'background-color: ;'><\/div><div class='q_team_description_below_image_wrapper'><div class='q_team_description'><div class='q_team_description_inner'><p><br><br>\n\u201eOhne das Wissen um die richtigen visuellen und verbalen Codes, \u00fcberlassen Sie Ihren Erfolg dem Zufall.\u201c<br><br>\n\n<i class=\"fa fa-asterisk\"><\/i> brandship (GF\/ CD Partner 2008)<br>\n<i class=\"fa fa-asterisk\"><\/i> Vita: Pahnke Markenmacherei, Brand Union, Landor Associates (CD), Future Brand, Peter Schmidt\n\n<\/p><\/div><\/div><\/div><\/div><\/div><div class='q_team_social_holder'><\/div><\/div><\/div><\/div>\t\t<\/div>\n\t\t\t\t<\/div>\n\t\t\t\t\t<\/div>\n\t\t<\/div>\n\t\t\t\t<div class=\"elementor-column elementor-col-33 elementor-top-column elementor-element elementor-element-2aa76ac\" data-id=\"2aa76ac\" data-element_type=\"column\">\n\t\t\t<div class=\"elementor-widget-wrap elementor-element-populated\">\n\t\t\t\t\t\t\t\t<div class=\"elementor-element elementor-element-5ee257b elementor-widget elementor-widget-bridge_team\" data-id=\"5ee257b\" data-element_type=\"widget\" data-widget_type=\"bridge_team.default\">\n\t\t\t\t<div class=\"elementor-widget-container\">\n\t\t\t<div class='q_team info_description_below_image qode_team_disabled_hover'><div class='q_team_inner'><div class='q_team_image'><div class='q_team_image_holder'><img itemprop='image' src='https:\/\/communications.showweb.site\/wp-content\/uploads\/2022\/03\/Karsten.png' alt='Karsten' \/><\/div><div class='q_team_text' ><div class='q_team_text_inner'><div class='q_team_title_holder'><h2 class='q_team_name' style = ''>Karsten Ambrosius<\/h2><span style = ''>brand activation<\/span><\/div><div class='separator small center' style = 'background-color: ;'><\/div><div class='q_team_description_below_image_wrapper'><div class='q_team_description'><div class='q_team_description_inner'><p>\u201eEine gute Kampagne sollte zielgerichtet sein und die anvisierten Konsumenten mit Nachdruck beeindrucken und aktivieren.\u201c<br><br>\n\n<i class=\"fa fa-asterisk\"><\/i> brandship (GF\/ Communications)<br>\n<i class=\"fa fa-asterisk\"><\/i> Vita: Schaffhausen Communications Group, Menzel Nolte Heinemann\n<\/p><\/div><\/div><\/div><\/div><\/div><div class='q_team_social_holder'><\/div><\/div><\/div><\/div>\t\t<\/div>\n\t\t\t\t<\/div>\n\t\t\t\t\t<\/div>\n\t\t<\/div>\n\t\t\t\t\t\t\t<\/div>\n\t\t<\/section>\n\t\t\t\t<section class=\"elementor-section elementor-top-section elementor-element elementor-element-e09d3b9 elementor-section-boxed elementor-section-height-default elementor-section-height-default parallax_section_no qode_elementor_container_no\" data-id=\"e09d3b9\" data-element_type=\"section\">\n\t\t\t\t\t\t<div class=\"elementor-container elementor-column-gap-default\">\n\t\t\t\t\t<div class=\"elementor-column elementor-col-33 elementor-top-column elementor-element elementor-element-f6b265a\" data-id=\"f6b265a\" data-element_type=\"column\">\n\t\t\t<div class=\"elementor-widget-wrap elementor-element-populated\">\n\t\t\t\t\t\t\t\t<div class=\"elementor-element elementor-element-1149d11 elementor-widget elementor-widget-bridge_team\" data-id=\"1149d11\" data-element_type=\"widget\" data-widget_type=\"bridge_team.default\">\n\t\t\t\t<div class=\"elementor-widget-container\">\n\t\t\t<div class='q_team info_description_below_image qode_team_disabled_hover'><div class='q_team_inner'><div class='q_team_image'><div class='q_team_image_holder'><img itemprop='image' src='https:\/\/communications.showweb.site\/wp-content\/uploads\/2022\/03\/Andrea-scaled.jpg' alt='Andrea' \/><\/div><div class='q_team_text' ><div class='q_team_text_inner'><div class='q_team_title_holder'><h2 class='q_team_name' style = ''>Andrea Fiedler<\/h2><span style = ''>Unternehmensberatung\/ Strategie<\/span><\/div><div class='separator small center' style = 'background-color: ;'><\/div><div class='q_team_description_below_image_wrapper'><div class='q_team_description'><div class='q_team_description_inner'><p>\u201eAls ehemalige Kundin von brandship, sch\u00e4tze ich besonders die durchdachte und reflektierte Arbeitsweise.\u201c<br><br>\n\n<i class=\"fa fa-asterisk\"><\/i> brandship (GL\/ Marketing 2014) <br>\n<i class=\"fa fa-asterisk\"><\/i> Vita: Spar Group, Carl K\u00fchne KG, Trend Meal AG, Unilever \/ Du Darfst\n\n\n<\/p><\/div><\/div><\/div><\/div><\/div><div class='q_team_social_holder'><\/div><\/div><\/div><\/div>\t\t<\/div>\n\t\t\t\t<\/div>\n\t\t\t\t\t<\/div>\n\t\t<\/div>\n\t\t\t\t<div class=\"elementor-column elementor-col-33 elementor-top-column elementor-element elementor-element-cd4cdde\" data-id=\"cd4cdde\" data-element_type=\"column\">\n\t\t\t<div class=\"elementor-widget-wrap\">\n\t\t\t\t\t\t\t\t\t<\/div>\n\t\t<\/div>\n\t\t\t\t<div class=\"elementor-column elementor-col-33 elementor-top-column elementor-element elementor-element-8404773\" data-id=\"8404773\" data-element_type=\"column\">\n\t\t\t<div class=\"elementor-widget-wrap\">\n\t\t\t\t\t\t\t\t\t<\/div>\n\t\t<\/div>\n\t\t\t\t\t\t\t<\/div>\n\t\t<\/section>\n\t\t\t\t\t\t\t<\/div>\n\t\t","protected":false},"excerpt":{"rendered":"<p>ZUR FORTF\u00dcHRUNG DER SEITENSTRUKTUR W\u00c4RE AN DIESER STELLE EIN ZITAT BEZOGEN AUF DIE ARBEITSWEISE DES TEAMS GUT. THOMAS VOIGT Dipl. Psych. Till B\u00f6senberg Gesch\u00e4ftsf\u00fchrung brandship &#038; brandship communicationsPsychologie\/Strategie \u201eDurch die Ansprache der richtigen Needs und Traits zu mehr Marktanteilen.\u201c brandship (GF\/ Partner 2001) Vita: Scholz&#8230;<\/p>\n","protected":false},"author":1,"featured_media":0,"parent":0,"menu_order":0,"comment_status":"closed","ping_status":"closed","template":"","meta":{"footnotes":""},"class_list":["post-857","page","type-page","status-publish","hentry"],"_links":{"self":[{"href":"https:\/\/communications.showweb.site\/en\/wp-json\/wp\/v2\/pages\/857","targetHints":{"allow":["GET"]}}],"collection":[{"href":"https:\/\/communications.showweb.site\/en\/wp-json\/wp\/v2\/pages"}],"about":[{"href":"https:\/\/communications.showweb.site\/en\/wp-json\/wp\/v2\/types\/page"}],"author":[{"embeddable":true,"href":"https:\/\/communications.showweb.site\/en\/wp-json\/wp\/v2\/users\/1"}],"replies":[{"embeddable":true,"href":"https:\/\/communications.showweb.site\/en\/wp-json\/wp\/v2\/comments?post=857"}],"version-history":[{"count":7,"href":"https:\/\/communications.showweb.site\/en\/wp-json\/wp\/v2\/pages\/857\/revisions"}],"predecessor-version":[{"id":992,"href":"https:\/\/communications.showweb.site\/en\/wp-json\/wp\/v2\/pages\/857\/revisions\/992"}],"wp:attachment":[{"href":"https:\/\/communications.showweb.site\/en\/wp-json\/wp\/v2\/media?parent=857"}],"curies":[{"name":"wp","href":"https:\/\/api.w.org\/{rel}","templated":true}]}}